{"id":10168,"date":"2024-07-19T16:52:58","date_gmt":"2024-07-19T15:52:58","guid":{"rendered":"https:\/\/orszagostuningtalalkozo.hu\/?page_id=10168"},"modified":"2025-11-03T02:16:14","modified_gmt":"2025-11-03T01:16:14","slug":"orszagos-tuning-talalkozo-vip-regisztracio","status":"publish","type":"page","link":"https:\/\/orszagostuningtalalkozo.hu\/de\/orszagos-tuning-talalkozo-vip-regisztracio\/","title":{"rendered":"NATIONALES ABSTIMMUNGSTREFFEN - VIP-ANMELDUNG"},"content":{"rendered":"<div data-elementor-type=\"wp-page\" data-elementor-id=\"10168\" class=\"elementor elementor-10168\" data-elementor-post-type=\"page\">\n\t\t\t\t\t\t<section class=\"elementor-section elementor-top-section elementor-element elementor-element-ec67479 elementor-section-boxed elementor-section-height-default elementor-section-height-default\" data-id=\"ec67479\" data-element_type=\"section\" data-e-type=\"section\">\n\t\t\t\t\t\t<div class=\"elementor-container elementor-column-gap-default\">\n\t\t\t\t\t<div class=\"elementor-column elementor-col-100 elementor-top-column elementor-element elementor-element-4b00cff\" data-id=\"4b00cff\" data-element_type=\"column\" data-e-type=\"column\">\n\t\t\t<div class=\"elementor-widget-wrap elementor-element-populated\">\n\t\t\t\t\t\t<div class=\"elementor-element elementor-element-2318100 elementor-widget elementor-widget-spacer\" data-id=\"2318100\" data-element_type=\"widget\" data-e-type=\"widget\" data-widget_type=\"spacer.default\">\n\t\t\t\t<div class=\"elementor-widget-container\">\n\t\t\t\t\t\t\t<div class=\"elementor-spacer\">\n\t\t\t<div class=\"elementor-spacer-inner\"><\/div>\n\t\t<\/div>\n\t\t\t\t\t\t<\/div>\n\t\t\t\t<\/div>\n\t\t\t\t<div class=\"elementor-element elementor-element-5c9b6d4 elementor-widget elementor-widget-heading\" data-id=\"5c9b6d4\" data-element_type=\"widget\" data-e-type=\"widget\" data-widget_type=\"heading.default\">\n\t\t\t\t<div class=\"elementor-widget-container\">\n\t\t\t\t\t<h2 class=\"elementor-heading-title elementor-size-default\">Nationales Tuning Meeting - VIP-PARKING REGISTRATION<\/h2>\t\t\t\t<\/div>\n\t\t\t\t<\/div>\n\t\t\t\t\t<\/div>\n\t\t<\/div>\n\t\t\t\t\t<\/div>\n\t\t<\/section>\n\t\t\t\t<section class=\"elementor-section elementor-top-section elementor-element elementor-element-eb46ef1 elementor-section-boxed elementor-section-height-default elementor-section-height-default\" data-id=\"eb46ef1\" data-element_type=\"section\" data-e-type=\"section\">\n\t\t\t\t\t\t<div class=\"elementor-container elementor-column-gap-default\">\n\t\t\t\t\t<div class=\"elementor-column elementor-col-100 elementor-top-column elementor-element elementor-element-bd58d86\" data-id=\"bd58d86\" data-element_type=\"column\" data-e-type=\"column\">\n\t\t\t<div class=\"elementor-widget-wrap elementor-element-populated\">\n\t\t\t\t\t\t<div class=\"elementor-element elementor-element-dc97403 elementor-widget elementor-widget-text-editor\" data-id=\"dc97403\" data-element_type=\"widget\" data-e-type=\"widget\" data-widget_type=\"text-editor.default\">\n\t\t\t\t<div class=\"elementor-widget-container\">\n\t\t\t\t\t\t\t\t\t<p>Melden Sie sich f\u00fcr unseren VIP-Parkplatz an und parken Sie beim Nationalen Tuning-Treffen inmitten der coolsten Tuning-Autos des Landes.<\/p><p>Die Angaben im nachstehenden Bewerbungsformular werden vertraulich behandelt und nicht f\u00fcr Marketingzwecke verwendet.<br \/>Inhaber der Datenverarbeitung: Maxima Plus Kft.<\/p>\t\t\t\t\t\t\t\t<\/div>\n\t\t\t\t<\/div>\n\t\t\t\t<div class=\"elementor-element elementor-element-697a9f7 elementor-widget elementor-widget-spacer\" data-id=\"697a9f7\" data-element_type=\"widget\" data-e-type=\"widget\" data-widget_type=\"spacer.default\">\n\t\t\t\t<div class=\"elementor-widget-container\">\n\t\t\t\t\t\t\t<div class=\"elementor-spacer\">\n\t\t\t<div class=\"elementor-spacer-inner\"><\/div>\n\t\t<\/div>\n\t\t\t\t\t\t<\/div>\n\t\t\t\t<\/div>\n\t\t\t\t<div class=\"elementor-element elementor-element-f99a310 elementor-widget elementor-widget-text-editor\" data-id=\"f99a310\" data-element_type=\"widget\" data-e-type=\"widget\" data-widget_type=\"text-editor.default\">\n\t\t\t\t<div class=\"elementor-widget-container\">\n\t\t\t\t\t\t\t\t\t<p>W\u00e4hlen Sie aus, zu welcher Veranstaltung Sie kommen m\u00f6chten.<\/p>\t\t\t\t\t\t\t\t<\/div>\n\t\t\t\t<\/div>\n\t\t\t\t\t<\/div>\n\t\t<\/div>\n\t\t\t\t\t<\/div>\n\t\t<\/section>\n\t\t\t\t<section class=\"elementor-section elementor-top-section elementor-element elementor-element-3bcb647 elementor-section-boxed elementor-section-height-default elementor-section-height-default\" data-id=\"3bcb647\" data-element_type=\"section\" data-e-type=\"section\">\n\t\t\t\t\t\t<div class=\"elementor-container elementor-column-gap-default\">\n\t\t\t\t\t<div class=\"elementor-column elementor-col-50 elementor-top-column elementor-element elementor-element-6707f79\" data-id=\"6707f79\" data-element_type=\"column\" data-e-type=\"column\">\n\t\t\t<div class=\"elementor-widget-wrap elementor-element-populated\">\n\t\t\t\t\t\t<div class=\"elementor-element elementor-element-fd26f2b elementor-align-center elementor-widget elementor-widget-button\" data-id=\"fd26f2b\" data-element_type=\"widget\" data-e-type=\"widget\" data-widget_type=\"button.default\">\n\t\t\t\t<div class=\"elementor-widget-container\">\n\t\t\t\t\t\t\t\t\t<div class=\"elementor-button-wrapper\">\n\t\t\t\t\t<a class=\"elementor-button elementor-button-link elementor-size-sm\" href=\"https:\/\/orszagostuningtalalkozo.hu\/de\/orszagos-tuning-talalkozo-spring-edition-vip-regisztracio\/\">\n\t\t\t\t\t\t<span class=\"elementor-button-content-wrapper\">\n\t\t\t\t\t\t\t\t\t<span class=\"elementor-button-text\">Fr\u00fchjahrsausgabe - 2026.04.30-05.01<\/span>\n\t\t\t\t\t<\/span>\n\t\t\t\t\t<\/a>\n\t\t\t\t<\/div>\n\t\t\t\t\t\t\t\t<\/div>\n\t\t\t\t<\/div>\n\t\t\t\t<div class=\"elementor-element elementor-element-4c83b68 elementor-widget elementor-widget-image\" data-id=\"4c83b68\" data-element_type=\"widget\" data-e-type=\"widget\" data-widget_type=\"image.default\">\n\t\t\t\t<div class=\"elementor-widget-container\">\n\t\t\t\t\t\t\t\t\t\t\t\t\t\t\t<img fetchpriority=\"high\" decoding=\"async\" width=\"576\" height=\"1024\" src=\"https:\/\/orszagostuningtalalkozo.hu\/wp-content\/uploads\/2025\/11\/OTT26_SPRING_flyer_vertical-copy-576x1024.jpg\" class=\"attachment-large size-large wp-image-10832\" alt=\"\" srcset=\"https:\/\/orszagostuningtalalkozo.hu\/wp-content\/uploads\/2025\/11\/OTT26_SPRING_flyer_vertical-copy-576x1024.jpg 576w, https:\/\/orszagostuningtalalkozo.hu\/wp-content\/uploads\/2025\/11\/OTT26_SPRING_flyer_vertical-copy-169x300.jpg 169w, https:\/\/orszagostuningtalalkozo.hu\/wp-content\/uploads\/2025\/11\/OTT26_SPRING_flyer_vertical-copy-768x1365.jpg 768w, https:\/\/orszagostuningtalalkozo.hu\/wp-content\/uploads\/2025\/11\/OTT26_SPRING_flyer_vertical-copy-864x1536.jpg 864w, https:\/\/orszagostuningtalalkozo.hu\/wp-content\/uploads\/2025\/11\/OTT26_SPRING_flyer_vertical-copy-7x12.jpg 7w, https:\/\/orszagostuningtalalkozo.hu\/wp-content\/uploads\/2025\/11\/OTT26_SPRING_flyer_vertical-copy.jpg 1080w\" sizes=\"(max-width: 576px) 100vw, 576px\" \/>\t\t\t\t\t\t\t\t\t\t\t\t\t\t\t<\/div>\n\t\t\t\t<\/div>\n\t\t\t\t<div class=\"elementor-element elementor-element-615a448 elementor-align-center elementor-widget elementor-widget-button\" data-id=\"615a448\" data-element_type=\"widget\" data-e-type=\"widget\" data-widget_type=\"button.default\">\n\t\t\t\t<div class=\"elementor-widget-container\">\n\t\t\t\t\t\t\t\t\t<div class=\"elementor-button-wrapper\">\n\t\t\t\t\t<a class=\"elementor-button elementor-button-link elementor-size-sm\" href=\"https:\/\/idolz.notion.site\/5-Orsz-gos-Tuning-Tal-lkoz-Inform-ci-k-2a0cc787602380ce8c56e83dadbb5319?source=copy_link\">\n\t\t\t\t\t\t<span class=\"elementor-button-content-wrapper\">\n\t\t\t\t\t\t\t\t\t<span class=\"elementor-button-text\">INFORMATIONEN ZUR VERANSTALTUNG<\/span>\n\t\t\t\t\t<\/span>\n\t\t\t\t\t<\/a>\n\t\t\t\t<\/div>\n\t\t\t\t\t\t\t\t<\/div>\n\t\t\t\t<\/div>\n\t\t\t\t<div class=\"elementor-element elementor-element-fe22dc0 elementor-widget elementor-widget-spacer\" data-id=\"fe22dc0\" data-element_type=\"widget\" data-e-type=\"widget\" data-widget_type=\"spacer.default\">\n\t\t\t\t<div class=\"elementor-widget-container\">\n\t\t\t\t\t\t\t<div class=\"elementor-spacer\">\n\t\t\t<div class=\"elementor-spacer-inner\"><\/div>\n\t\t<\/div>\n\t\t\t\t\t\t<\/div>\n\t\t\t\t<\/div>\n\t\t\t\t\t<\/div>\n\t\t<\/div>\n\t\t\t\t<div class=\"elementor-column elementor-col-50 elementor-top-column elementor-element elementor-element-85fd06c\" data-id=\"85fd06c\" data-element_type=\"column\" data-e-type=\"column\">\n\t\t\t<div class=\"elementor-widget-wrap elementor-element-populated\">\n\t\t\t\t\t\t<div class=\"elementor-element elementor-element-1935bf3 elementor-align-center elementor-widget elementor-widget-button\" data-id=\"1935bf3\" data-element_type=\"widget\" data-e-type=\"widget\" data-widget_type=\"button.default\">\n\t\t\t\t<div class=\"elementor-widget-container\">\n\t\t\t\t\t\t\t\t\t<div class=\"elementor-button-wrapper\">\n\t\t\t\t\t<a class=\"elementor-button elementor-button-link elementor-size-sm\" href=\"https:\/\/orszagostuningtalalkozo.hu\/de\/orszagos-tuning-talalkozo-summer-edition-vip-regisztracio\/\">\n\t\t\t\t\t\t<span class=\"elementor-button-content-wrapper\">\n\t\t\t\t\t\t\t\t\t<span class=\"elementor-button-text\">SOMMERAUSGABE 2026.08.19-20<\/span>\n\t\t\t\t\t<\/span>\n\t\t\t\t\t<\/a>\n\t\t\t\t<\/div>\n\t\t\t\t\t\t\t\t<\/div>\n\t\t\t\t<\/div>\n\t\t\t\t<div class=\"elementor-element elementor-element-36fde93 elementor-widget elementor-widget-image\" data-id=\"36fde93\" data-element_type=\"widget\" data-e-type=\"widget\" data-widget_type=\"image.default\">\n\t\t\t\t<div class=\"elementor-widget-container\">\n\t\t\t\t\t\t\t\t\t\t\t\t\t\t\t<img decoding=\"async\" width=\"576\" height=\"1024\" src=\"https:\/\/orszagostuningtalalkozo.hu\/wp-content\/uploads\/2025\/11\/OTT26_SUMMER_flyer_vertical-copy-576x1024.jpg\" class=\"attachment-large size-large wp-image-10831\" alt=\"\" srcset=\"https:\/\/orszagostuningtalalkozo.hu\/wp-content\/uploads\/2025\/11\/OTT26_SUMMER_flyer_vertical-copy-576x1024.jpg 576w, https:\/\/orszagostuningtalalkozo.hu\/wp-content\/uploads\/2025\/11\/OTT26_SUMMER_flyer_vertical-copy-169x300.jpg 169w, https:\/\/orszagostuningtalalkozo.hu\/wp-content\/uploads\/2025\/11\/OTT26_SUMMER_flyer_vertical-copy-768x1365.jpg 768w, https:\/\/orszagostuningtalalkozo.hu\/wp-content\/uploads\/2025\/11\/OTT26_SUMMER_flyer_vertical-copy-864x1536.jpg 864w, https:\/\/orszagostuningtalalkozo.hu\/wp-content\/uploads\/2025\/11\/OTT26_SUMMER_flyer_vertical-copy-7x12.jpg 7w, https:\/\/orszagostuningtalalkozo.hu\/wp-content\/uploads\/2025\/11\/OTT26_SUMMER_flyer_vertical-copy.jpg 1080w\" sizes=\"(max-width: 576px) 100vw, 576px\" \/>\t\t\t\t\t\t\t\t\t\t\t\t\t\t\t<\/div>\n\t\t\t\t<\/div>\n\t\t\t\t<div class=\"elementor-element elementor-element-29eb27b elementor-align-center elementor-widget elementor-widget-button\" data-id=\"29eb27b\" data-element_type=\"widget\" data-e-type=\"widget\" data-widget_type=\"button.default\">\n\t\t\t\t<div class=\"elementor-widget-container\">\n\t\t\t\t\t\t\t\t\t<div class=\"elementor-button-wrapper\">\n\t\t\t\t\t<a class=\"elementor-button elementor-button-link elementor-size-sm\" href=\"https:\/\/idolz.notion.site\/6-Orsz-gos-Tuning-Tal-lkoz-Inform-ci-k-2a0cc787602380679143e9ba6ec503f0?source=copy_link\">\n\t\t\t\t\t\t<span class=\"elementor-button-content-wrapper\">\n\t\t\t\t\t\t\t\t\t<span class=\"elementor-button-text\">INFORMATIONEN ZUR VERANSTALTUNG<\/span>\n\t\t\t\t\t<\/span>\n\t\t\t\t\t<\/a>\n\t\t\t\t<\/div>\n\t\t\t\t\t\t\t\t<\/div>\n\t\t\t\t<\/div>\n\t\t\t\t<div class=\"elementor-element elementor-element-15f54aa elementor-widget elementor-widget-spacer\" data-id=\"15f54aa\" data-element_type=\"widget\" data-e-type=\"widget\" data-widget_type=\"spacer.default\">\n\t\t\t\t<div class=\"elementor-widget-container\">\n\t\t\t\t\t\t\t<div class=\"elementor-spacer\">\n\t\t\t<div class=\"elementor-spacer-inner\"><\/div>\n\t\t<\/div>\n\t\t\t\t\t\t<\/div>\n\t\t\t\t<\/div>\n\t\t\t\t\t<\/div>\n\t\t<\/div>\n\t\t\t\t\t<\/div>\n\t\t<\/section>\n\t\t\t\t<\/div>","protected":false},"excerpt":{"rendered":"<p>Orsz\u00e1gos Tuning Tal\u00e1lkoz\u00f3 &#8211; VIP PARKING REGISZTRI\u00c1CI\u00d3 Regisztr\u00e1lj a VIP parkol\u00f3nkba \u00e9s parkolj az orsz\u00e1g legmen\u0151bb tuning aut\u00f3i k\u00f6z\u00f6tt az Orsz\u00e1gos Tuning Tal\u00e1lkoz\u00f3n. A lenti jelentkez\u00e9si \u0171rlapban az adatokat bizalmasan kezelj\u00fck \u00e9s nem haszn\u00e1ljuk fel semmilyen marketing c\u00e9lra.Adatkezel\u0151: Maxima Plus Kft. V\u00e1laszd ki melyik esem\u00e9ny\u00fcnkre j\u00f6nn\u00e9l. Spring edition &#8211; 2026.04.30-05.01 INFORM\u00c1CI\u00d3K A RENDEZV\u00c9NYR\u0150L SUMMER EDITION [&hellip;]<\/p>\n","protected":false},"author":1,"featured_media":0,"parent":0,"menu_order":0,"comment_status":"closed","ping_status":"closed","template":"","meta":{"site-sidebar-layout":"no-sidebar","site-content-layout":"page-builder","ast-site-content-layout":"full-width-container","site-content-style":"default","site-sidebar-style":"default","ast-global-header-display":"","ast-banner-title-visibility":"","ast-main-header-display":"","ast-hfb-above-header-display":"","ast-hfb-below-header-display":"","ast-hfb-mobile-header-display":"","site-post-title":"disabled","ast-breadcrumbs-content":"","ast-featured-img":"disabled","footer-sml-layout":"","ast-disable-related-posts":"","theme-transparent-header-meta":"","adv-header-id-meta":"","stick-header-meta":"","header-above-stick-meta":"","header-main-stick-meta":"","header-below-stick-meta":"","astra-migrate-meta-layouts":"set","ast-page-background-enabled":"default","ast-page-background-meta":{"desktop":{"background-color":"","background-image":"","background-repeat":"repeat","background-position":"center center","background-size":"auto","background-attachment":"scroll","background-type":"","background-media":"","overlay-type":"","overlay-color":"","overlay-opacity":"","overlay-gradient":""},"tablet":{"background-color":"","background-image":"","background-repeat":"repeat","background-position":"center center","background-size":"auto","background-attachment":"scroll","background-type":"","background-media":"","overlay-type":"","overlay-color":"","overlay-opacity":"","overlay-gradient":""},"mobile":{"background-color":"","background-image":"","background-repeat":"repeat","background-position":"center center","background-size":"auto","background-attachment":"scroll","background-type":"","background-media":"","overlay-type":"","overlay-color":"","overlay-opacity":"","overlay-gradient":""}},"ast-content-background-meta":{"desktop":{"background-color":"var(--ast-global-color-5)","background-image":"","background-repeat":"repeat","background-position":"center center","background-size":"auto","background-attachment":"scroll","background-type":"","background-media":"","overlay-type":"","overlay-color":"","overlay-opacity":"","overlay-gradient":""},"tablet":{"background-color":"var(--ast-global-color-5)","background-image":"","background-repeat":"repeat","background-position":"center center","background-size":"auto","background-attachment":"scroll","background-type":"","background-media":"","overlay-type":"","overlay-color":"","overlay-opacity":"","overlay-gradient":""},"mobile":{"background-color":"var(--ast-global-color-5)","background-image":"","background-repeat":"repeat","background-position":"center center","background-size":"auto","background-attachment":"scroll","background-type":"","background-media":"","overlay-type":"","overlay-color":"","overlay-opacity":"","overlay-gradient":""}},"footnotes":""},"class_list":["post-10168","page","type-page","status-publish","hentry"],"yoast_head":"<!-- This site is optimized with the Yoast SEO plugin v27.3 - https:\/\/yoast.com\/product\/yoast-seo-wordpress\/ -->\n<title>ORSZ\u00c1GOS TUNING TAL\u00c1LKOZ\u00d3 - VIP REGISZTR\u00c1CI\u00d3 - Orsz\u00e1gos Tuning Tal\u00e1lkoz\u00f3<\/title>\n<meta name=\"robots\" content=\"index, follow, max-snippet:-1, max-image-preview:large, max-video-preview:-1\" \/>\n<link rel=\"canonical\" href=\"https:\/\/orszagostuningtalalkozo.hu\/de\/orszagos-tuning-talalkozo-vip-regisztracio\/\" \/>\n<meta property=\"og:locale\" content=\"de_DE\" \/>\n<meta property=\"og:type\" content=\"article\" \/>\n<meta property=\"og:title\" content=\"ORSZ\u00c1GOS TUNING TAL\u00c1LKOZ\u00d3 - VIP REGISZTR\u00c1CI\u00d3 - Orsz\u00e1gos Tuning Tal\u00e1lkoz\u00f3\" \/>\n<meta property=\"og:description\" content=\"Orsz\u00e1gos Tuning Tal\u00e1lkoz\u00f3 &#8211; VIP PARKING REGISZTRI\u00c1CI\u00d3 Regisztr\u00e1lj a VIP parkol\u00f3nkba \u00e9s parkolj az orsz\u00e1g legmen\u0151bb tuning aut\u00f3i k\u00f6z\u00f6tt az Orsz\u00e1gos Tuning Tal\u00e1lkoz\u00f3n. A lenti jelentkez\u00e9si \u0171rlapban az adatokat bizalmasan kezelj\u00fck \u00e9s nem haszn\u00e1ljuk fel semmilyen marketing c\u00e9lra.Adatkezel\u0151: Maxima Plus Kft. V\u00e1laszd ki melyik esem\u00e9ny\u00fcnkre j\u00f6nn\u00e9l. Spring edition &#8211; 2026.04.30-05.01 INFORM\u00c1CI\u00d3K A RENDEZV\u00c9NYR\u0150L SUMMER EDITION [&hellip;]\" \/>\n<meta property=\"og:url\" content=\"https:\/\/orszagostuningtalalkozo.hu\/de\/orszagos-tuning-talalkozo-vip-regisztracio\/\" \/>\n<meta property=\"og:site_name\" content=\"Orsz\u00e1gos Tuning Tal\u00e1lkoz\u00f3\" \/>\n<meta property=\"article:modified_time\" content=\"2025-11-03T01:16:14+00:00\" \/>\n<meta property=\"og:image\" content=\"https:\/\/orszagostuningtalalkozo.hu\/wp-content\/uploads\/2025\/11\/OTT26_SPRING_flyer_vertical-copy.jpg\" \/>\n\t<meta property=\"og:image:width\" content=\"1080\" \/>\n\t<meta property=\"og:image:height\" content=\"1920\" \/>\n\t<meta property=\"og:image:type\" content=\"image\/jpeg\" \/>\n<meta name=\"twitter:card\" content=\"summary_large_image\" \/>\n<meta name=\"twitter:label1\" content=\"Gesch\u00e4tzte Lesezeit\" \/>\n\t<meta name=\"twitter:data1\" content=\"1 Minute\" \/>\n<script type=\"application\/ld+json\" class=\"yoast-schema-graph\">{\"@context\":\"https:\\\/\\\/schema.org\",\"@graph\":[{\"@type\":\"WebPage\",\"@id\":\"https:\\\/\\\/orszagostuningtalalkozo.hu\\\/orszagos-tuning-talalkozo-vip-regisztracio\\\/\",\"url\":\"https:\\\/\\\/orszagostuningtalalkozo.hu\\\/orszagos-tuning-talalkozo-vip-regisztracio\\\/\",\"name\":\"ORSZ\u00c1GOS TUNING TAL\u00c1LKOZ\u00d3 - VIP REGISZTR\u00c1CI\u00d3 - Orsz\u00e1gos Tuning Tal\u00e1lkoz\u00f3\",\"isPartOf\":{\"@id\":\"https:\\\/\\\/orszagostuningtalalkozo.hu\\\/#website\"},\"primaryImageOfPage\":{\"@id\":\"https:\\\/\\\/orszagostuningtalalkozo.hu\\\/orszagos-tuning-talalkozo-vip-regisztracio\\\/#primaryimage\"},\"image\":{\"@id\":\"https:\\\/\\\/orszagostuningtalalkozo.hu\\\/orszagos-tuning-talalkozo-vip-regisztracio\\\/#primaryimage\"},\"thumbnailUrl\":\"https:\\\/\\\/orszagostuningtalalkozo.hu\\\/wp-content\\\/uploads\\\/2025\\\/11\\\/OTT26_SPRING_flyer_vertical-copy-576x1024.jpg\",\"datePublished\":\"2024-07-19T15:52:58+00:00\",\"dateModified\":\"2025-11-03T01:16:14+00:00\",\"breadcrumb\":{\"@id\":\"https:\\\/\\\/orszagostuningtalalkozo.hu\\\/orszagos-tuning-talalkozo-vip-regisztracio\\\/#breadcrumb\"},\"inLanguage\":\"de-AT\",\"potentialAction\":[{\"@type\":\"ReadAction\",\"target\":[\"https:\\\/\\\/orszagostuningtalalkozo.hu\\\/orszagos-tuning-talalkozo-vip-regisztracio\\\/\"]}]},{\"@type\":\"ImageObject\",\"inLanguage\":\"de-AT\",\"@id\":\"https:\\\/\\\/orszagostuningtalalkozo.hu\\\/orszagos-tuning-talalkozo-vip-regisztracio\\\/#primaryimage\",\"url\":\"https:\\\/\\\/orszagostuningtalalkozo.hu\\\/wp-content\\\/uploads\\\/2025\\\/11\\\/OTT26_SPRING_flyer_vertical-copy-576x1024.jpg\",\"contentUrl\":\"https:\\\/\\\/orszagostuningtalalkozo.hu\\\/wp-content\\\/uploads\\\/2025\\\/11\\\/OTT26_SPRING_flyer_vertical-copy-576x1024.jpg\"},{\"@type\":\"BreadcrumbList\",\"@id\":\"https:\\\/\\\/orszagostuningtalalkozo.hu\\\/orszagos-tuning-talalkozo-vip-regisztracio\\\/#breadcrumb\",\"itemListElement\":[{\"@type\":\"ListItem\",\"position\":1,\"name\":\"Kezd\u0151lap\",\"item\":\"https:\\\/\\\/orszagostuningtalalkozo.hu\\\/\"},{\"@type\":\"ListItem\",\"position\":2,\"name\":\"ORSZ\u00c1GOS TUNING TAL\u00c1LKOZ\u00d3 &#8211; VIP REGISZTR\u00c1CI\u00d3\"}]},{\"@type\":\"WebSite\",\"@id\":\"https:\\\/\\\/orszagostuningtalalkozo.hu\\\/#website\",\"url\":\"https:\\\/\\\/orszagostuningtalalkozo.hu\\\/\",\"name\":\"Orsz\u00e1gos Tuning Tal\u00e1lkoz\u00f3\",\"description\":\"\",\"publisher\":{\"@id\":\"https:\\\/\\\/orszagostuningtalalkozo.hu\\\/#organization\"},\"potentialAction\":[{\"@type\":\"SearchAction\",\"target\":{\"@type\":\"EntryPoint\",\"urlTemplate\":\"https:\\\/\\\/orszagostuningtalalkozo.hu\\\/?s={search_term_string}\"},\"query-input\":{\"@type\":\"PropertyValueSpecification\",\"valueRequired\":true,\"valueName\":\"search_term_string\"}}],\"inLanguage\":\"de-AT\"},{\"@type\":\"Organization\",\"@id\":\"https:\\\/\\\/orszagostuningtalalkozo.hu\\\/#organization\",\"name\":\"Orsz\u00e1gos Tuning Tal\u00e1lkoz\u00f3\",\"url\":\"https:\\\/\\\/orszagostuningtalalkozo.hu\\\/\",\"logo\":{\"@type\":\"ImageObject\",\"inLanguage\":\"de-AT\",\"@id\":\"https:\\\/\\\/orszagostuningtalalkozo.hu\\\/#\\\/schema\\\/logo\\\/image\\\/\",\"url\":\"https:\\\/\\\/orszagostuningtalalkozo.hu\\\/wp-content\\\/uploads\\\/2022\\\/05\\\/ottv1white.png\",\"contentUrl\":\"https:\\\/\\\/orszagostuningtalalkozo.hu\\\/wp-content\\\/uploads\\\/2022\\\/05\\\/ottv1white.png\",\"width\":733,\"height\":278,\"caption\":\"Orsz\u00e1gos Tuning Tal\u00e1lkoz\u00f3\"},\"image\":{\"@id\":\"https:\\\/\\\/orszagostuningtalalkozo.hu\\\/#\\\/schema\\\/logo\\\/image\\\/\"}}]}<\/script>\n<!-- \/ Yoast SEO plugin. -->","yoast_head_json":{"title":"ORSZ\u00c1GOS TUNING TAL\u00c1LKOZ\u00d3 - VIP REGISZTR\u00c1CI\u00d3 - Orsz\u00e1gos Tuning Tal\u00e1lkoz\u00f3","robots":{"index":"index","follow":"follow","max-snippet":"max-snippet:-1","max-image-preview":"max-image-preview:large","max-video-preview":"max-video-preview:-1"},"canonical":"https:\/\/orszagostuningtalalkozo.hu\/de\/orszagos-tuning-talalkozo-vip-regisztracio\/","og_locale":"de_DE","og_type":"article","og_title":"ORSZ\u00c1GOS TUNING TAL\u00c1LKOZ\u00d3 - VIP REGISZTR\u00c1CI\u00d3 - Orsz\u00e1gos Tuning Tal\u00e1lkoz\u00f3","og_description":"Orsz\u00e1gos Tuning Tal\u00e1lkoz\u00f3 &#8211; VIP PARKING REGISZTRI\u00c1CI\u00d3 Regisztr\u00e1lj a VIP parkol\u00f3nkba \u00e9s parkolj az orsz\u00e1g legmen\u0151bb tuning aut\u00f3i k\u00f6z\u00f6tt az Orsz\u00e1gos Tuning Tal\u00e1lkoz\u00f3n. A lenti jelentkez\u00e9si \u0171rlapban az adatokat bizalmasan kezelj\u00fck \u00e9s nem haszn\u00e1ljuk fel semmilyen marketing c\u00e9lra.Adatkezel\u0151: Maxima Plus Kft. V\u00e1laszd ki melyik esem\u00e9ny\u00fcnkre j\u00f6nn\u00e9l. Spring edition &#8211; 2026.04.30-05.01 INFORM\u00c1CI\u00d3K A RENDEZV\u00c9NYR\u0150L SUMMER EDITION [&hellip;]","og_url":"https:\/\/orszagostuningtalalkozo.hu\/de\/orszagos-tuning-talalkozo-vip-regisztracio\/","og_site_name":"Orsz\u00e1gos Tuning Tal\u00e1lkoz\u00f3","article_modified_time":"2025-11-03T01:16:14+00:00","og_image":[{"width":1080,"height":1920,"url":"https:\/\/orszagostuningtalalkozo.hu\/wp-content\/uploads\/2025\/11\/OTT26_SPRING_flyer_vertical-copy.jpg","type":"image\/jpeg"}],"twitter_card":"summary_large_image","twitter_misc":{"Gesch\u00e4tzte Lesezeit":"1 Minute"},"schema":{"@context":"https:\/\/schema.org","@graph":[{"@type":"WebPage","@id":"https:\/\/orszagostuningtalalkozo.hu\/orszagos-tuning-talalkozo-vip-regisztracio\/","url":"https:\/\/orszagostuningtalalkozo.hu\/orszagos-tuning-talalkozo-vip-regisztracio\/","name":"ORSZ\u00c1GOS TUNING TAL\u00c1LKOZ\u00d3 - VIP REGISZTR\u00c1CI\u00d3 - Orsz\u00e1gos Tuning Tal\u00e1lkoz\u00f3","isPartOf":{"@id":"https:\/\/orszagostuningtalalkozo.hu\/#website"},"primaryImageOfPage":{"@id":"https:\/\/orszagostuningtalalkozo.hu\/orszagos-tuning-talalkozo-vip-regisztracio\/#primaryimage"},"image":{"@id":"https:\/\/orszagostuningtalalkozo.hu\/orszagos-tuning-talalkozo-vip-regisztracio\/#primaryimage"},"thumbnailUrl":"https:\/\/orszagostuningtalalkozo.hu\/wp-content\/uploads\/2025\/11\/OTT26_SPRING_flyer_vertical-copy-576x1024.jpg","datePublished":"2024-07-19T15:52:58+00:00","dateModified":"2025-11-03T01:16:14+00:00","breadcrumb":{"@id":"https:\/\/orszagostuningtalalkozo.hu\/orszagos-tuning-talalkozo-vip-regisztracio\/#breadcrumb"},"inLanguage":"de-AT","potentialAction":[{"@type":"ReadAction","target":["https:\/\/orszagostuningtalalkozo.hu\/orszagos-tuning-talalkozo-vip-regisztracio\/"]}]},{"@type":"ImageObject","inLanguage":"de-AT","@id":"https:\/\/orszagostuningtalalkozo.hu\/orszagos-tuning-talalkozo-vip-regisztracio\/#primaryimage","url":"https:\/\/orszagostuningtalalkozo.hu\/wp-content\/uploads\/2025\/11\/OTT26_SPRING_flyer_vertical-copy-576x1024.jpg","contentUrl":"https:\/\/orszagostuningtalalkozo.hu\/wp-content\/uploads\/2025\/11\/OTT26_SPRING_flyer_vertical-copy-576x1024.jpg"},{"@type":"BreadcrumbList","@id":"https:\/\/orszagostuningtalalkozo.hu\/orszagos-tuning-talalkozo-vip-regisztracio\/#breadcrumb","itemListElement":[{"@type":"ListItem","position":1,"name":"Kezd\u0151lap","item":"https:\/\/orszagostuningtalalkozo.hu\/"},{"@type":"ListItem","position":2,"name":"ORSZ\u00c1GOS TUNING TAL\u00c1LKOZ\u00d3 &#8211; VIP REGISZTR\u00c1CI\u00d3"}]},{"@type":"WebSite","@id":"https:\/\/orszagostuningtalalkozo.hu\/#website","url":"https:\/\/orszagostuningtalalkozo.hu\/","name":"Nationales Tuning-Treffen","description":"","publisher":{"@id":"https:\/\/orszagostuningtalalkozo.hu\/#organization"},"potentialAction":[{"@type":"SearchAction","target":{"@type":"EntryPoint","urlTemplate":"https:\/\/orszagostuningtalalkozo.hu\/?s={search_term_string}"},"query-input":{"@type":"PropertyValueSpecification","valueRequired":true,"valueName":"search_term_string"}}],"inLanguage":"de-AT"},{"@type":"Organization","@id":"https:\/\/orszagostuningtalalkozo.hu\/#organization","name":"Nationales Tuning-Treffen","url":"https:\/\/orszagostuningtalalkozo.hu\/","logo":{"@type":"ImageObject","inLanguage":"de-AT","@id":"https:\/\/orszagostuningtalalkozo.hu\/#\/schema\/logo\/image\/","url":"https:\/\/orszagostuningtalalkozo.hu\/wp-content\/uploads\/2022\/05\/ottv1white.png","contentUrl":"https:\/\/orszagostuningtalalkozo.hu\/wp-content\/uploads\/2022\/05\/ottv1white.png","width":733,"height":278,"caption":"Orsz\u00e1gos Tuning Tal\u00e1lkoz\u00f3"},"image":{"@id":"https:\/\/orszagostuningtalalkozo.hu\/#\/schema\/logo\/image\/"}}]}},"_links":{"self":[{"href":"https:\/\/orszagostuningtalalkozo.hu\/de\/wp-json\/wp\/v2\/pages\/10168","targetHints":{"allow":["GET"]}}],"collection":[{"href":"https:\/\/orszagostuningtalalkozo.hu\/de\/wp-json\/wp\/v2\/pages"}],"about":[{"href":"https:\/\/orszagostuningtalalkozo.hu\/de\/wp-json\/wp\/v2\/types\/page"}],"author":[{"embeddable":true,"href":"https:\/\/orszagostuningtalalkozo.hu\/de\/wp-json\/wp\/v2\/users\/1"}],"replies":[{"embeddable":true,"href":"https:\/\/orszagostuningtalalkozo.hu\/de\/wp-json\/wp\/v2\/comments?post=10168"}],"version-history":[{"count":32,"href":"https:\/\/orszagostuningtalalkozo.hu\/de\/wp-json\/wp\/v2\/pages\/10168\/revisions"}],"predecessor-version":[{"id":10844,"href":"https:\/\/orszagostuningtalalkozo.hu\/de\/wp-json\/wp\/v2\/pages\/10168\/revisions\/10844"}],"wp:attachment":[{"href":"https:\/\/orszagostuningtalalkozo.hu\/de\/wp-json\/wp\/v2\/media?parent=10168"}],"curies":[{"name":"wp","href":"https:\/\/api.w.org\/{rel}","templated":true}]}}